{"id":874,"date":"2025-08-06T10:43:23","date_gmt":"2025-08-06T08:43:23","guid":{"rendered":"http:\/\/www.atelierwerkstatt-albert-volz.de\/wp\/?page_id=874"},"modified":"2025-08-06T10:43:23","modified_gmt":"2025-08-06T08:43:23","slug":"2025-sandra-janine-mueller","status":"publish","type":"page","link":"http:\/\/www.atelierwerkstatt-albert-volz.de\/wp\/?page_id=874","title":{"rendered":"2025 &#8211; Sandra-Janine M\u00fcller"},"content":{"rendered":"<h1>Sonderausstellung 2025<br \/>\n<em>&#8222;TRACHTENPUNK &#8211; textile Br\u00fcckenbauten&#8220;<\/em><\/h1>\n<h2>Werke von <em>Sandra-Janine M\u00fcller <\/em><b><br \/>\n<\/b><\/h2>\n<h3><strong>Ausstellungser\u00f6ffnung am Freitag, den 20. Juni 2025 um 19:00 Uhr<br \/>\n<\/strong><\/h3>\n<p><a href=\"http:\/\/www.atelierwerkstatt-albert-volz.de\/wp\/wp-content\/uploads\/2025\/01\/PlakatA3-Trachtenpunk-web-3.jpg\"><img loading=\"lazy\" decoding=\"async\" class=\"alignnone wp-image-793 size-large\" src=\"http:\/\/www.atelierwerkstatt-albert-volz.de\/wp\/wp-content\/uploads\/2025\/01\/PlakatA3-Trachtenpunk-web-3-729x1024.jpg\" alt=\"\" width=\"729\" height=\"1024\" srcset=\"http:\/\/www.atelierwerkstatt-albert-volz.de\/wp\/wp-content\/uploads\/2025\/01\/PlakatA3-Trachtenpunk-web-3-729x1024.jpg 729w, http:\/\/www.atelierwerkstatt-albert-volz.de\/wp\/wp-content\/uploads\/2025\/01\/PlakatA3-Trachtenpunk-web-3-213x300.jpg 213w, http:\/\/www.atelierwerkstatt-albert-volz.de\/wp\/wp-content\/uploads\/2025\/01\/PlakatA3-Trachtenpunk-web-3-768x1079.jpg 768w, http:\/\/www.atelierwerkstatt-albert-volz.de\/wp\/wp-content\/uploads\/2025\/01\/PlakatA3-Trachtenpunk-web-3-1093x1536.jpg 1093w, http:\/\/www.atelierwerkstatt-albert-volz.de\/wp\/wp-content\/uploads\/2025\/01\/PlakatA3-Trachtenpunk-web-3-1457x2048.jpg 1457w, http:\/\/www.atelierwerkstatt-albert-volz.de\/wp\/wp-content\/uploads\/2025\/01\/PlakatA3-Trachtenpunk-web-3.jpg 1772w\" sizes=\"auto, (max-width: 729px) 100vw, 729px\" \/><\/a><\/p>\n<p>Muss Tracht immer altmodisch, r\u00fcckw\u00e4rtsgewandt und spie\u00dfig sein?<br \/>\nMuss Punk immer provokativ, laut und gegen die Gesellschaft sein?<\/p>\n<p>Nein, sagt Sandra-Janine M\u00fcller aus dem bayerischen Waldstetten. Wenn man mit einem kreativen Blick die beiden Welten zusammenf\u00fcgt, entsteht aus dem vermeintlichen Gegensatz etwas Neues, Lebendiges mit einer ungeheuren Strahlkraft. Tragbare Trachtenkunst-Objekte, merkw\u00fcrdige Kronenkonstruktionen, textile Kultur-Fusionen oder heimatverliebte High Fashion \u2013 so k\u00f6nnte man ihre Arbeiten beschreiben, die alles eines gemeinsam haben: sie bauen Br\u00fccken.<\/p>\n<p>Ihr Slogan \u201eMeine Heimat ist bunt\u201c wird schon beim ersten Blick in die Atelierwerkstatt Volz deutlich. Mit ihrem Wissensschatz um regionale Trachten und historische Techniken schafft Sandra M\u00fcller Kreationen, die \u00fcber Modedesign hinaus gehen. Trachten-Elemente vereinen sich mit unterschiedlichen Stoffen, alten Textilien und Fundst\u00fccken aus artfremden Materialien zu neuen k\u00fcnstlerischen Interpretationen. Da wird ein Fahrradschlauch in eine moderne Schwarzwaldtracht eingebaut, da klimpern Kronkorken in einem fr\u00e4nkischen Flitterkranz, da finden sich Akupunkturnadeln, Elektrokabel, Todesanzeigen und Heiligenbildchen.<\/p>\n<p>Mit aussagekr\u00e4ftigen Fotografien und eigenen Texten in Szene gesetzt beziehen ihre Kunsttrachten Stellung und fragen zugleich nach dem, was uns Menschen ausmacht, voller Hoffnung im ewigen Kreislauf von Werden und Vergehen. Unter der farbenfrohen Oberfl\u00e4che geht es um die Kraft der Natur, um Energiekrisen, Culture-Clash, Verg\u00e4nglichkeit und Glauben.<\/p>\n<p>2025 feiert Sandra M\u00fcller ein Jubil\u00e4um: Unter dem Namen \u201eTrachtenpunk\u201c erschafft die Designerin und gelernte Trachtenschneiderin nunmehr seit 15 Jahren nicht nur Kunst, sondern auch ma\u00dfgefertigte Mode mit regionalem Bezug. Als eine der wenigen in Deutschland beherrscht sie zudem ein vergessenes Handwerk des 18. Jahrhunderts, an dessen Erforschung sie beteiligt war: die Herstellung von Posamentenkn\u00f6pfen. Seither bietet sie \u00fcber ihre Posamentenknopf-Manufaktur Auftragskn\u00f6pfe, Schmuck und Zubeh\u00f6r an und gibt ihr Fachwissen in Kursen weiter, zu denen auch Teilnehmende aus dem Ausland anreisen. 2024 erhielt die ausgew\u00e4hlte \u201eBayern-Botschafterin\u201c den Kulturpreis des Landkreises G\u00fcnzburg.<\/p>\n<p>In der Theorie nicht so leicht zu begreifen, er\u00f6ffnet sich die Welt der Sandra M\u00fcller sofort, wenn man das kleine Neubulacher Museum betritt. Die Beispiele ihres Schaffens verbl\u00fcffen, lassen den Betrachter kurz innehalten und begeistern jeden, der mit offenem Blick durch die Ausstellung geht.<\/p>\n<p>\u201eTradition als Inspiration\u201c hei\u00dft es auch bei Markus Frick, dessen Kreationen die Ausstellung erg\u00e4nzen. Unter dem Namen vonHutsitz n\u00e4ht er bunte Feierabendkappen und Freizeitkronen aus hochwertigen Stoffen aus einer historischen Weberei in Hessen. Ohne sich Modekonventionen zu unterwerfen ermutigt er Menschen mit seiner Arbeit dazu, sich selbst und das Leben zu feiern.<\/p>\nngg_shortcode_0_placeholder\n<p><a href=\"http:\/\/www.trachtenpunk.com\" target=\"_blank\" rel=\"noopener\">www.trachtenpunk.com<\/a><\/p>\n<p><a href=\"http:\/\/www.posamentenknopf-manufaktur.de\" target=\"_blank\" rel=\"noopener\">www.posamentenknopf-manufaktur.de<\/a><\/p>\n<p>Instagram: trachtenpunk<\/p>\n<h1>Beruflicher Werdegang<\/h1>\n<p>Abitur in Lauf an der Pegnitz, Zwischenpr\u00fcfung Magisterstudium Europ\u00e4ische Ethnologie und Arch\u00e4ologie in Bamberg, Gesellenpr\u00fcfung zur Ma\u00dfschneiderin Damen, Schwerpunkt Tracht in Krumbach, Praktika in Malerei, Bildhauerei, T\u00f6pferei, Modistik, Schneiderei und in den Textilsammlungen mehrerer volkskundlicher Museen<\/p>\n<p>Seit 2010 selbstst\u00e4ndig als Trachtenschneiderin und Schmuck-Designerin (\u201eTrachtenpunk\u201c), sowie als Knopfmacherin, Seminarleiterin, Anbieterin von Knopfmacher-Zubeh\u00f6r (\u201ePosamentenknopf-Manufaktur\u201c), seit 2009 Teilzeitanstellung bei der Trachtenkultur-Beratung Bezirk Schwaben<\/p>\n<p>Seit 2022 \u201eGesicht Bayerisch Schwabens\u201c und Protagonistin f\u00fcr die Kampagne \u201eHeimat braucht Menschen\u201c des Bayerischen Landesvereins f\u00fcr Heimatpflege, seit 2023 \u201eBayern-Botschafterin\u201c, 2024 Kulturpreis des Landkreises G\u00fcnzburg<\/p>\n<p>Wissens- und Kulturvermittlung: Textil- und Industriemuseum Augsburg, Oberpf\u00e4lzer Freilandmuseum Neusath-Perschen, Museum f\u00fcr konkrete Kunst Ingolstadt, Schw\u00e4bisches Volkskundemuseum Obersch\u00f6nenfeld, Museum KulturLand Ries, Levi Strauss Museum Buttenheim, Bauernmuseum Bamberger Land, Zentrum f\u00fcr Trachtengewand Bezirk Oberbayern, Donauschw\u00e4bisches Zentralmuseum Ulm, GEA-Akademie (\u00d6sterreich), Schwabenakademie Kloster Irsee u.a.<\/p>\n<p>Mitautorin der Publikationen: R\u00fcschen (2012), Werktagsgewand (2012), Posamentenkn\u00f6pfe (2014), Die ganze Welt der Kn\u00f6pfe (2016), Schwaben umspinnt (2021)<\/p>\n<p>Ausstellungsbeteiligungen: 2013 Levi Strauss Museum Buttenheim (Jeans \u00fcberwindet Grenzen), seit 2019 Kaiserpfalz Forchheim (Dauerausstellung), 2021 Kreismuseum Zons und 2022 Kaiserpfalz Forchheim (Glanz im Fluss der Zeit), 2022 Mittelschw\u00e4bisches Heimatmuseum Krumbach (KULT-Kunst), 2024 Kunst in Dachsbach, vsl. 2025 Museum Atelierwerkstatt Albert Volz (Schwarzwald) und Textil- und Industriemuseum Augsburg (Sonderausstellung Textilmarkt)<\/p>\n<h1>K\u00fcnstlerischer Schwerpunkt<\/h1>\n<p>Trachtenkunst-Objekte \/ Kunsttrachten \/ textile Kultur-Fusionen aus Kleidungselementen, Kronen und Schmuck, inspiriert von regionalen Trachten und historischen Handwerkstechniken, kombiniert mit Upcycling, Posamentenkn\u00f6pfen, Collagen, fotografischen Inszenierungen und Text<\/p>\nngg_shortcode_1_placeholder\n","protected":false},"excerpt":{"rendered":"<p>Sonderausstellung 2025 &#8222;TRACHTENPUNK &#8211; textile Br\u00fcckenbauten&#8220; Werke von Sandra-Janine M\u00fcller Ausstellungser\u00f6ffnung am Freitag, den 20. Juni 2025 um 19:00 Uhr Muss Tracht immer altmodisch, r\u00fcckw\u00e4rtsgewandt und spie\u00dfig sein? Muss Punk immer provokativ, laut und gegen die Gesellschaft sein? Nein, sagt Sandra-Janine M\u00fcller aus dem bayerischen Waldstetten. Wenn man mit einem kreativen Blick die beiden Welten [&hellip;]<\/p>\n","protected":false},"author":1,"featured_media":0,"parent":0,"menu_order":0,"comment_status":"closed","ping_status":"closed","template":"","meta":{"ngg_post_thumbnail":0,"footnotes":""},"class_list":["post-874","page","type-page","status-publish","hentry"],"_links":{"self":[{"href":"http:\/\/www.atelierwerkstatt-albert-volz.de\/wp\/index.php?rest_route=\/wp\/v2\/pages\/874","targetHints":{"allow":["GET"]}}],"collection":[{"href":"http:\/\/www.atelierwerkstatt-albert-volz.de\/wp\/index.php?rest_route=\/wp\/v2\/pages"}],"about":[{"href":"http:\/\/www.atelierwerkstatt-albert-volz.de\/wp\/index.php?rest_route=\/wp\/v2\/types\/page"}],"author":[{"embeddable":true,"href":"http:\/\/www.atelierwerkstatt-albert-volz.de\/wp\/index.php?rest_route=\/wp\/v2\/users\/1"}],"replies":[{"embeddable":true,"href":"http:\/\/www.atelierwerkstatt-albert-volz.de\/wp\/index.php?rest_route=%2Fwp%2Fv2%2Fcomments&post=874"}],"version-history":[{"count":1,"href":"http:\/\/www.atelierwerkstatt-albert-volz.de\/wp\/index.php?rest_route=\/wp\/v2\/pages\/874\/revisions"}],"predecessor-version":[{"id":875,"href":"http:\/\/www.atelierwerkstatt-albert-volz.de\/wp\/index.php?rest_route=\/wp\/v2\/pages\/874\/revisions\/875"}],"wp:attachment":[{"href":"http:\/\/www.atelierwerkstatt-albert-volz.de\/wp\/index.php?rest_route=%2Fwp%2Fv2%2Fmedia&parent=874"}],"curies":[{"name":"wp","href":"https:\/\/api.w.org\/{rel}","templated":true}]}}