{"id":53,"date":"2015-07-30T15:40:32","date_gmt":"2015-07-30T13:40:32","guid":{"rendered":"http:\/\/krust.ohnge.com\/volz\/?page_id=53"},"modified":"2016-10-30T22:53:05","modified_gmt":"2016-10-30T21:53:05","slug":"eroeffnung","status":"publish","type":"page","link":"http:\/\/www.atelierwerkstatt-albert-volz.de\/wp\/?page_id=53","title":{"rendered":"2006 &#8211; Er\u00f6ffnung"},"content":{"rendered":"<p>Nach dem Tod unseres Vaters hatten wir den Wunsch, sein k\u00fcnstlerisches Schaffen, seine Gestaltungskraft und seine st\u00e4ndige Auseinandersetzung mit dem Leben und Tod der \u00d6ffentlichkeit zug\u00e4nglich zu machen.<\/p>\n<p>Wo h\u00e4tten wir dies besser zum Ausdruck bringen k\u00f6nnen, als hier in seiner Werkstatt.<\/p>\n<p>Wir freuen uns \u00fcber die gelungene Er\u00f6ffnung und hoffen auf viele G\u00e4ste und gute Gespr\u00e4che.<br \/>\nBedanken m\u00f6chten wir uns bei allen, die uns hierbei unterst\u00fctzt haben.<\/p>\n<style id=\"bwg-style-0\">    #bwg_container1_0 #bwg_container2_0 .bwg-container-0.bwg-standard-thumbnails {      width: 904px;              justify-content: center;        margin:0 auto !important;              background-color: rgba(255, 255, 255, 0.00);            padding-left: 4px;      padding-top: 4px;      max-width: 100%;            }        #bwg_container1_0 #bwg_container2_0 .bwg-container-0.bwg-standard-thumbnails .bwg-item {    justify-content: flex-start;      max-width: 180px;            width: 180px !important;          }    #bwg_container1_0 #bwg_container2_0 .bwg-container-0.bwg-standard-thumbnails .bwg-item a {       margin-right: 4px;       margin-bottom: 4px;    }    #bwg_container1_0 #bwg_container2_0 .bwg-container-0.bwg-standard-thumbnails .bwg-item0 {      padding: 0px;            background-color:rgba(0,0,0, 0.30);      border: 0px none #CCCCCC;      opacity: 1.00;      border-radius: 0;      box-shadow: ;    }    #bwg_container1_0 #bwg_container2_0 .bwg-container-0.bwg-standard-thumbnails .bwg-item1 img {      max-height: none;      max-width: none;      padding: 0 !important;    }         @media only screen and (min-width: 480px) {\t\t#bwg_container1_0 #bwg_container2_0 .bwg-container-0.bwg-standard-thumbnails .bwg-item1 img {\t\t\t-webkit-transition: all .3s; transition: all .3s;\t\t}\t\t#bwg_container1_0 #bwg_container2_0 .bwg-container-0.bwg-standard-thumbnails .bwg-item1 img:hover {\t\t\t-ms-transform: scale(1.08);\t\t\t-webkit-transform: scale(1.08);\t\t\ttransform: scale(1.08);\t\t}\t\t      }\t    #bwg_container1_0 #bwg_container2_0 .bwg-container-0.bwg-standard-thumbnails .bwg-item1 {      padding-top: 100%;    }        #bwg_container1_0 #bwg_container2_0 .bwg-container-0.bwg-standard-thumbnails .bwg-title2,    #bwg_container1_0 #bwg_container2_0 .bwg-container-0.bwg-standard-thumbnails .bwg-ecommerce2 {      color: #323A45;      font-family: Ubuntu;      font-size: 16px;      font-weight: bold;      padding: 2px;      text-shadow: ;      max-height: 100%;    }    #bwg_container1_0 #bwg_container2_0 .bwg-container-0.bwg-standard-thumbnails .bwg-thumb-description span {    color: #323A45;    font-family: Ubuntu;    font-size: 12px;    max-height: 100%;    word-wrap: break-word;    }    #bwg_container1_0 #bwg_container2_0 .bwg-container-0.bwg-standard-thumbnails .bwg-play-icon2 {      font-size: 32px;    }    #bwg_container1_0 #bwg_container2_0 .bwg-container-0.bwg-standard-thumbnails .bwg-ecommerce2 {      font-size: 19.2px;      color: #323A45;    }    <\/style>    <div id=\"bwg_container1_0\"         class=\"bwg_container bwg_thumbnail bwg_thumbnails \"         data-right-click-protection=\"0\"         data-bwg=\"0\"         data-scroll=\"0\"         data-gallery-type=\"thumbnails\"         data-gallery-view-type=\"thumbnails\"         data-current-url=\"\/wp\/index.php?rest_route=%2Fwp%2Fv2%2Fpages%2F53\"         data-lightbox-url=\"http:\/\/www.atelierwerkstatt-albert-volz.de\/wp\/wp-admin\/admin-ajax.php?action=GalleryBox&#038;current_view=0&#038;gallery_id=2&#038;tag=0&#038;theme_id=1&#038;shortcode_id=1&#038;sort_by=order&#038;order_by=asc&#038;current_url=%2Fwp%2Findex.php%3Frest_route%3D%252Fwp%252Fv2%252Fpages%252F53\"         data-gallery-id=\"2\"         data-popup-width=\"800\"         data-popup-height=\"500\"         data-is-album=\"gallery\"         data-buttons-position=\"bottom\">      <div id=\"bwg_container2_0\">             <div id=\"ajax_loading_0\" class=\"bwg_loading_div_1\">      <div class=\"bwg_loading_div_2\">        <div class=\"bwg_loading_div_3\">          <div id=\"loading_div_0\" class=\"bwg_spider_ajax_loading\">          <\/div>        <\/div>      <\/div>    <\/div>            <form id=\"gal_front_form_0\"              class=\"bwg-hidden\"              method=\"post\"              action=\"#\"              data-current=\"0\"              data-shortcode-id=\"1\"              data-gallery-type=\"thumbnails\"              data-gallery-id=\"2\"              data-tag=\"0\"              data-album-id=\"0\"              data-theme-id=\"1\"              data-ajax-url=\"http:\/\/www.atelierwerkstatt-albert-volz.de\/wp\/wp-admin\/admin-ajax.php?action=bwg_frontend_data\">          <div id=\"bwg_container3_0\" class=\"bwg-background bwg-background-0\">                <div data-max-count=\"5\"         data-thumbnail-width=\"180\"         data-bwg=\"0\"         data-gallery-id=\"2\"         data-lightbox-url=\"http:\/\/www.atelierwerkstatt-albert-volz.de\/wp\/wp-admin\/admin-ajax.php?action=GalleryBox&amp;current_view=0&amp;gallery_id=2&amp;tag=0&amp;theme_id=1&amp;shortcode_id=1&amp;sort_by=order&amp;order_by=asc&amp;current_url=%2Fwp%2Findex.php%3Frest_route%3D%252Fwp%252Fv2%252Fpages%252F53\"         id=\"bwg_thumbnails_0\"         class=\"bwg-container-0 bwg-thumbnails bwg-standard-thumbnails bwg-container bwg-border-box\">            <div class=\"bwg-item\">        <a class=\"bwg-a \"  data-elementor-open-lightbox=\"no\">                <div class=\"bwg-item0 \">          <div class=\"bwg-item1 \">            <div class=\"bwg-item2\">              <img decoding=\"async\" class=\"skip-lazy bwg_standart_thumb_img_0 \"                   data-id=\"221\"                   data-width=\"\"                   data-height=\"\"                   data-src=\"http:\/\/www.atelierwerkstatt-albert-volz.de\/wp\/wp-content\/uploads\/photo-gallery\/Eroeffnung\/thumb\/8.jpg\"                   src=\"http:\/\/www.atelierwerkstatt-albert-volz.de\/wp\/wp-content\/uploads\/photo-gallery\/Eroeffnung\/thumb\/8.jpg\"                   alt=\"8\"                   title=\"8\" \/>            <\/div>            <div class=\"\">                                                      <\/div>          <\/div>        <\/div>                        <\/a>              <\/div>            <div class=\"bwg-item\">        <a class=\"bwg-a \"  data-elementor-open-lightbox=\"no\">                <div class=\"bwg-item0 \">          <div class=\"bwg-item1 \">            <div class=\"bwg-item2\">              <img decoding=\"async\" class=\"skip-lazy bwg_standart_thumb_img_0 \"                   data-id=\"220\"                   data-width=\"\"                   data-height=\"\"                   data-src=\"http:\/\/www.atelierwerkstatt-albert-volz.de\/wp\/wp-content\/uploads\/photo-gallery\/Eroeffnung\/thumb\/6.jpg\"                   src=\"http:\/\/www.atelierwerkstatt-albert-volz.de\/wp\/wp-content\/uploads\/photo-gallery\/Eroeffnung\/thumb\/6.jpg\"                   alt=\"6\"                   title=\"6\" \/>            <\/div>            <div class=\"\">                                                      <\/div>          <\/div>        <\/div>                        <\/a>              <\/div>            <div class=\"bwg-item\">        <a class=\"bwg-a \"  data-elementor-open-lightbox=\"no\">                <div class=\"bwg-item0 \">          <div class=\"bwg-item1 \">            <div class=\"bwg-item2\">              <img decoding=\"async\" class=\"skip-lazy bwg_standart_thumb_img_0 \"                   data-id=\"219\"                   data-width=\"\"                   data-height=\"\"                   data-src=\"http:\/\/www.atelierwerkstatt-albert-volz.de\/wp\/wp-content\/uploads\/photo-gallery\/Eroeffnung\/thumb\/5.jpg\"                   src=\"http:\/\/www.atelierwerkstatt-albert-volz.de\/wp\/wp-content\/uploads\/photo-gallery\/Eroeffnung\/thumb\/5.jpg\"                   alt=\"5\"                   title=\"5\" \/>            <\/div>            <div class=\"\">                                                      <\/div>          <\/div>        <\/div>                        <\/a>              <\/div>            <div class=\"bwg-item\">        <a class=\"bwg-a \"  data-elementor-open-lightbox=\"no\">                <div class=\"bwg-item0 \">          <div class=\"bwg-item1 \">            <div class=\"bwg-item2\">              <img decoding=\"async\" class=\"skip-lazy bwg_standart_thumb_img_0 \"                   data-id=\"218\"                   data-width=\"\"                   data-height=\"\"                   data-src=\"http:\/\/www.atelierwerkstatt-albert-volz.de\/wp\/wp-content\/uploads\/photo-gallery\/Eroeffnung\/thumb\/15.jpg\"                   src=\"http:\/\/www.atelierwerkstatt-albert-volz.de\/wp\/wp-content\/uploads\/photo-gallery\/Eroeffnung\/thumb\/15.jpg\"                   alt=\"15\"                   title=\"15\" \/>            <\/div>            <div class=\"\">                                                      <\/div>          <\/div>        <\/div>                        <\/a>              <\/div>            <div class=\"bwg-item\">        <a class=\"bwg-a \"  data-elementor-open-lightbox=\"no\">                <div class=\"bwg-item0 \">          <div class=\"bwg-item1 \">            <div class=\"bwg-item2\">              <img decoding=\"async\" class=\"skip-lazy bwg_standart_thumb_img_0 \"                   data-id=\"217\"                   data-width=\"\"                   data-height=\"\"                   data-src=\"http:\/\/www.atelierwerkstatt-albert-volz.de\/wp\/wp-content\/uploads\/photo-gallery\/Eroeffnung\/thumb\/9.jpg\"                   src=\"http:\/\/www.atelierwerkstatt-albert-volz.de\/wp\/wp-content\/uploads\/photo-gallery\/Eroeffnung\/thumb\/9.jpg\"                   alt=\"9\"                   title=\"9\" \/>            <\/div>            <div class=\"\">                                                      <\/div>          <\/div>        <\/div>                        <\/a>              <\/div>            <div class=\"bwg-item\">        <a class=\"bwg-a \"  data-elementor-open-lightbox=\"no\">                <div class=\"bwg-item0 \">          <div class=\"bwg-item1 \">            <div class=\"bwg-item2\">              <img decoding=\"async\" class=\"skip-lazy bwg_standart_thumb_img_0 \"                   data-id=\"216\"                   data-width=\"\"                   data-height=\"\"                   data-src=\"http:\/\/www.atelierwerkstatt-albert-volz.de\/wp\/wp-content\/uploads\/photo-gallery\/Eroeffnung\/thumb\/4.jpg\"                   src=\"http:\/\/www.atelierwerkstatt-albert-volz.de\/wp\/wp-content\/uploads\/photo-gallery\/Eroeffnung\/thumb\/4.jpg\"                   alt=\"4\"                   title=\"4\" \/>            <\/div>            <div class=\"\">                                                      <\/div>          <\/div>        <\/div>                        <\/a>              <\/div>            <div class=\"bwg-item\">        <a class=\"bwg-a \"  data-elementor-open-lightbox=\"no\">                <div class=\"bwg-item0 \">          <div class=\"bwg-item1 \">            <div class=\"bwg-item2\">              <img decoding=\"async\" class=\"skip-lazy bwg_standart_thumb_img_0 \"                   data-id=\"215\"                   data-width=\"\"                   data-height=\"\"                   data-src=\"http:\/\/www.atelierwerkstatt-albert-volz.de\/wp\/wp-content\/uploads\/photo-gallery\/Eroeffnung\/thumb\/3.jpg\"                   src=\"http:\/\/www.atelierwerkstatt-albert-volz.de\/wp\/wp-content\/uploads\/photo-gallery\/Eroeffnung\/thumb\/3.jpg\"                   alt=\"3\"                   title=\"3\" \/>            <\/div>            <div class=\"\">                                                      <\/div>          <\/div>        <\/div>                        <\/a>              <\/div>            <div class=\"bwg-item\">        <a class=\"bwg-a \"  data-elementor-open-lightbox=\"no\">                <div class=\"bwg-item0 \">          <div class=\"bwg-item1 \">            <div class=\"bwg-item2\">              <img decoding=\"async\" class=\"skip-lazy bwg_standart_thumb_img_0 \"                   data-id=\"214\"                   data-width=\"\"                   data-height=\"\"                   data-src=\"http:\/\/www.atelierwerkstatt-albert-volz.de\/wp\/wp-content\/uploads\/photo-gallery\/Eroeffnung\/thumb\/2.jpg\"                   src=\"http:\/\/www.atelierwerkstatt-albert-volz.de\/wp\/wp-content\/uploads\/photo-gallery\/Eroeffnung\/thumb\/2.jpg\"                   alt=\"2\"                   title=\"2\" \/>            <\/div>            <div class=\"\">                                                      <\/div>          <\/div>        <\/div>                        <\/a>              <\/div>            <div class=\"bwg-item\">        <a class=\"bwg-a \"  data-elementor-open-lightbox=\"no\">                <div class=\"bwg-item0 \">          <div class=\"bwg-item1 \">            <div class=\"bwg-item2\">              <img decoding=\"async\" class=\"skip-lazy bwg_standart_thumb_img_0 \"                   data-id=\"213\"                   data-width=\"\"                   data-height=\"\"                   data-src=\"http:\/\/www.atelierwerkstatt-albert-volz.de\/wp\/wp-content\/uploads\/photo-gallery\/Eroeffnung\/thumb\/14.jpg\"                   src=\"http:\/\/www.atelierwerkstatt-albert-volz.de\/wp\/wp-content\/uploads\/photo-gallery\/Eroeffnung\/thumb\/14.jpg\"                   alt=\"14\"                   title=\"14\" \/>            <\/div>            <div class=\"\">                                                      <\/div>          <\/div>        <\/div>                        <\/a>              <\/div>            <div class=\"bwg-item\">        <a class=\"bwg-a \"  data-elementor-open-lightbox=\"no\">                <div class=\"bwg-item0 \">          <div class=\"bwg-item1 \">            <div class=\"bwg-item2\">              <img decoding=\"async\" class=\"skip-lazy bwg_standart_thumb_img_0 \"                   data-id=\"212\"                   data-width=\"\"                   data-height=\"\"                   data-src=\"http:\/\/www.atelierwerkstatt-albert-volz.de\/wp\/wp-content\/uploads\/photo-gallery\/Eroeffnung\/thumb\/13.jpg\"                   src=\"http:\/\/www.atelierwerkstatt-albert-volz.de\/wp\/wp-content\/uploads\/photo-gallery\/Eroeffnung\/thumb\/13.jpg\"                   alt=\"13\"                   title=\"13\" \/>            <\/div>            <div class=\"\">                                                      <\/div>          <\/div>        <\/div>                        <\/a>              <\/div>            <div class=\"bwg-item\">        <a class=\"bwg-a \"  data-elementor-open-lightbox=\"no\">                <div class=\"bwg-item0 \">          <div class=\"bwg-item1 \">            <div class=\"bwg-item2\">              <img decoding=\"async\" class=\"skip-lazy bwg_standart_thumb_img_0 \"                   data-id=\"211\"                   data-width=\"\"                   data-height=\"\"                   data-src=\"http:\/\/www.atelierwerkstatt-albert-volz.de\/wp\/wp-content\/uploads\/photo-gallery\/Eroeffnung\/thumb\/12.jpg\"                   src=\"http:\/\/www.atelierwerkstatt-albert-volz.de\/wp\/wp-content\/uploads\/photo-gallery\/Eroeffnung\/thumb\/12.jpg\"                   alt=\"12\"                   title=\"12\" \/>            <\/div>            <div class=\"\">                                                      <\/div>          <\/div>        <\/div>                        <\/a>              <\/div>            <div class=\"bwg-item\">        <a class=\"bwg-a \"  data-elementor-open-lightbox=\"no\">                <div class=\"bwg-item0 \">          <div class=\"bwg-item1 \">            <div class=\"bwg-item2\">              <img decoding=\"async\" class=\"skip-lazy bwg_standart_thumb_img_0 \"                   data-id=\"210\"                   data-width=\"\"                   data-height=\"\"                   data-src=\"http:\/\/www.atelierwerkstatt-albert-volz.de\/wp\/wp-content\/uploads\/photo-gallery\/Eroeffnung\/thumb\/11.jpg\"                   src=\"http:\/\/www.atelierwerkstatt-albert-volz.de\/wp\/wp-content\/uploads\/photo-gallery\/Eroeffnung\/thumb\/11.jpg\"                   alt=\"11\"                   title=\"11\" \/>            <\/div>            <div class=\"\">                                                      <\/div>          <\/div>        <\/div>                        <\/a>              <\/div>            <div class=\"bwg-item\">        <a class=\"bwg-a \"  data-elementor-open-lightbox=\"no\">                <div class=\"bwg-item0 \">          <div class=\"bwg-item1 \">            <div class=\"bwg-item2\">              <img decoding=\"async\" class=\"skip-lazy bwg_standart_thumb_img_0 \"                   data-id=\"209\"                   data-width=\"\"                   data-height=\"\"                   data-src=\"http:\/\/www.atelierwerkstatt-albert-volz.de\/wp\/wp-content\/uploads\/photo-gallery\/Eroeffnung\/thumb\/10.jpg\"                   src=\"http:\/\/www.atelierwerkstatt-albert-volz.de\/wp\/wp-content\/uploads\/photo-gallery\/Eroeffnung\/thumb\/10.jpg\"                   alt=\"10\"                   title=\"10\" \/>            <\/div>            <div class=\"\">                                                      <\/div>          <\/div>        <\/div>                        <\/a>              <\/div>            <div class=\"bwg-item\">        <a class=\"bwg-a \"  data-elementor-open-lightbox=\"no\">                <div class=\"bwg-item0 \">          <div class=\"bwg-item1 \">            <div class=\"bwg-item2\">              <img decoding=\"async\" class=\"skip-lazy bwg_standart_thumb_img_0 \"                   data-id=\"208\"                   data-width=\"\"                   data-height=\"\"                   data-src=\"http:\/\/www.atelierwerkstatt-albert-volz.de\/wp\/wp-content\/uploads\/photo-gallery\/Eroeffnung\/thumb\/1.jpg\"                   src=\"http:\/\/www.atelierwerkstatt-albert-volz.de\/wp\/wp-content\/uploads\/photo-gallery\/Eroeffnung\/thumb\/1.jpg\"                   alt=\"1\"                   title=\"1\" \/>            <\/div>            <div class=\"\">                                                      <\/div>          <\/div>        <\/div>                        <\/a>              <\/div>          <\/div>    <style>      \/*pagination styles*\/      #bwg_container1_0 #bwg_container2_0 .tablenav-pages_0 {\t\t\t\ttext-align: center;\t\t\t\tfont-size: 12px;\t\t\t\tfont-family: Ubuntu;\t\t\t\tfont-weight: bold;\t\t\t\tcolor: #666666;\t\t\t\tmargin: 6px 0 4px;\t\t\t\tdisplay: block;      }      @media only screen and (max-width : 320px) {      #bwg_container1_0 #bwg_container2_0 .displaying-num_0 {     \t display: none;      }      }      #bwg_container1_0 #bwg_container2_0 .displaying-num_0 {\t\t\t\tfont-size: 12px;\t\t\t\tfont-family: Ubuntu;\t\t\t\tfont-weight: bold;\t\t\t\tcolor: #666666;\t\t\t\tmargin-right: 10px;\t\t\t\tvertical-align: middle;      }      #bwg_container1_0 #bwg_container2_0 .paging-input_0 {\t\t\t\tfont-size: 12px;\t\t\t\tfont-family: Ubuntu;\t\t\t\tfont-weight: bold;\t\t\t\tcolor: #666666;\t\t\t\tvertical-align: middle;      }      #bwg_container1_0 #bwg_container2_0 .tablenav-pages_0 a.disabled,      #bwg_container1_0 #bwg_container2_0 .tablenav-pages_0 a.disabled:hover,      #bwg_container1_0 #bwg_container2_0 .tablenav-pages_0 a.disabled:focus,\t\t\t#bwg_container1_0 #bwg_container2_0 .tablenav-pages_0 input.bwg_current_page {\t\t\t\tcursor: default;\t\t\t\tcolor: rgba(102, 102, 102, 0.5);      }      #bwg_container1_0 #bwg_container2_0 .tablenav-pages_0 a,      #bwg_container1_0 #bwg_container2_0 .tablenav-pages_0 input.bwg_current_page {\t\t\t\tcursor: pointer;\t\t\t\ttext-align: center;\t\t\t\tfont-size: 12px;\t\t\t\tfont-family: Ubuntu;\t\t\t\tfont-weight: bold;\t\t\t\tcolor: #666666;\t\t\t\ttext-decoration: none;\t\t\t\tpadding: 3px 6px;\t\t\t\tmargin: 0;\t\t\t\tborder-radius: 0;\t\t\t\tborder-style: solid;\t\t\t\tborder-width: 1px;\t\t\t\tborder-color: #E3E3E3;\t\t\t\t\t\t\t\tbackground-color: rgba(255, 255, 255, 1.00);\t\t\t\tbox-shadow: 0;\t\t\t\ttransition: all 0.3s ease 0s;-webkit-transition: all 0.3s ease 0s;      }      <\/style>      <span class=\"bwg_nav_cont_0\">              <div class=\"tablenav-pages_0\">                  <\/div>                <input type=\"hidden\" id=\"page_number_0\" name=\"page_number_0\" value=\"1\" \/>      <script type=\"text\/javascript\">        if( jQuery('.bwg_nav_cont_0').length > 1 ) {          jQuery('.bwg_nav_cont_0').first().remove()        }        function spider_page_0(cur, x, y, load_more) {          if (typeof load_more == \"undefined\") {            var load_more = false;          }          if (jQuery(cur).hasClass('disabled')) {            return false;          }          var items_county_0 = 1;          switch (y) {            case 1:              if (x >= items_county_0) {                document.getElementById('page_number_0').value = items_county_0;              }              else {                document.getElementById('page_number_0').value = x + 1;              }              break;            case 2:              document.getElementById('page_number_0').value = items_county_0;              break;            case -1:              if (x == 1) {                document.getElementById('page_number_0').value = 1;              }              else {                document.getElementById('page_number_0').value = x - 1;              }              break;            case -2:              document.getElementById('page_number_0').value = 1;              break;\t\t\t\t\t\tcase 0:              document.getElementById('page_number_0').value = x;              break;            default:              document.getElementById('page_number_0').value = 1;          }          bwg_ajax('gal_front_form_0', '0', 'bwg_thumbnails_0', '0', '', 'gallery', 0, '', '', load_more, '', 1);        }                    jQuery('.first-page-0').on('click', function () {              spider_page_0(this, 1, -2, 'numeric');              return false;            });            jQuery('.prev-page-0').on('click', function () {              spider_page_0(this, 1, -1, 'numeric');              return false;            });            jQuery('.next-page-0').on('click', function () {              spider_page_0(this, 1, 1, 'numeric');              return false;            });            jQuery('.last-page-0').on('click', function () {              spider_page_0(this, 1, 2, 'numeric');              return false;            });        \t\t\t\t\/* Change page on input enter. *\/        function bwg_change_page_0( e, that ) {          if (  e.key == 'Enter' ) {            var to_page = parseInt(jQuery(that).val());            var pages_count = jQuery(that).parents(\".pagination-links\").data(\"pages-count\");            var current_url_param = jQuery(that).attr('data-url-info');            if (to_page > pages_count) {              to_page = 1;            }\t \t\t\t\t\t\t\t\t\t\t\t\tspider_page_0(this, to_page, 0, 'numeric');\t\t\t\t\t\t\treturn false;\t\t\t\t\t\t          }          return true;        }        jQuery('.bwg_load_btn_0').on('click', function () {            spider_page_0(this, 1, 1, true);            return false;        });      <\/script>      <\/span>                <\/div>        <\/form>              <\/div>    <\/div>    <script>      if (document.readyState === 'complete') {        if( typeof bwg_main_ready == 'function' ) {          if ( jQuery(\"#bwg_container1_0\").height() ) {            bwg_main_ready(jQuery(\"#bwg_container1_0\"));          }        }      } else {        document.addEventListener('DOMContentLoaded', function() {          if( typeof bwg_main_ready == 'function' ) {            if ( jQuery(\"#bwg_container1_0\").height() ) {             bwg_main_ready(jQuery(\"#bwg_container1_0\"));            }          }        });      }    <\/script>    \n","protected":false},"excerpt":{"rendered":"<p>Nach dem Tod unseres Vaters hatten wir den Wunsch, sein k\u00fcnstlerisches Schaffen, seine Gestaltungskraft und seine st\u00e4ndige Auseinandersetzung mit dem Leben und Tod der \u00d6ffentlichkeit zug\u00e4nglich zu machen. Wo h\u00e4tten wir dies besser zum Ausdruck bringen k\u00f6nnen, als hier in seiner Werkstatt. Wir freuen uns \u00fcber die gelungene Er\u00f6ffnung und hoffen auf viele G\u00e4ste und [&hellip;]<\/p>\n","protected":false},"author":1,"featured_media":0,"parent":32,"menu_order":0,"comment_status":"closed","ping_status":"closed","template":"","meta":{"ngg_post_thumbnail":0,"footnotes":""},"class_list":["post-53","page","type-page","status-publish","hentry"],"_links":{"self":[{"href":"http:\/\/www.atelierwerkstatt-albert-volz.de\/wp\/index.php?rest_route=\/wp\/v2\/pages\/53","targetHints":{"allow":["GET"]}}],"collection":[{"href":"http:\/\/www.atelierwerkstatt-albert-volz.de\/wp\/index.php?rest_route=\/wp\/v2\/pages"}],"about":[{"href":"http:\/\/www.atelierwerkstatt-albert-volz.de\/wp\/index.php?rest_route=\/wp\/v2\/types\/page"}],"author":[{"embeddable":true,"href":"http:\/\/www.atelierwerkstatt-albert-volz.de\/wp\/index.php?rest_route=\/wp\/v2\/users\/1"}],"replies":[{"embeddable":true,"href":"http:\/\/www.atelierwerkstatt-albert-volz.de\/wp\/index.php?rest_route=%2Fwp%2Fv2%2Fcomments&post=53"}],"version-history":[{"count":2,"href":"http:\/\/www.atelierwerkstatt-albert-volz.de\/wp\/index.php?rest_route=\/wp\/v2\/pages\/53\/revisions"}],"predecessor-version":[{"id":261,"href":"http:\/\/www.atelierwerkstatt-albert-volz.de\/wp\/index.php?rest_route=\/wp\/v2\/pages\/53\/revisions\/261"}],"up":[{"embeddable":true,"href":"http:\/\/www.atelierwerkstatt-albert-volz.de\/wp\/index.php?rest_route=\/wp\/v2\/pages\/32"}],"wp:attachment":[{"href":"http:\/\/www.atelierwerkstatt-albert-volz.de\/wp\/index.php?rest_route=%2Fwp%2Fv2%2Fmedia&parent=53"}],"curies":[{"name":"wp","href":"https:\/\/api.w.org\/{rel}","templated":true}]}}