{"id":317,"date":"2017-01-17T21:04:35","date_gmt":"2017-01-17T20:04:35","guid":{"rendered":"http:\/\/www.atelierwerkstatt-albert-volz.de\/wp\/?page_id=317"},"modified":"2017-06-30T08:34:37","modified_gmt":"2017-06-30T06:34:37","slug":"2017-chris-korner","status":"publish","type":"page","link":"http:\/\/www.atelierwerkstatt-albert-volz.de\/wp\/?page_id=317","title":{"rendered":"2017 &#8211; Chris Korner"},"content":{"rendered":"<h2>Sonderausstellung von Chris Korner: &#8222;Fundsachen&#8220;.<\/h2>\n<p>Ausstellungser\u00f6ffnung: Freitag, den 30. Juni 2017<\/p>\n<p>\u00d6ffnungszeiten:<br \/>\nvom 2. Juli bis 6. August 2017 jeden Sonntag von 13.30 Uhr bis 18.00 Uhr<\/p>\n<p class=\"western\"><strong>Chris Korner<a href=\"http:\/\/www.atelierwerkstatt-albert-volz.de\/wp\/wp-content\/uploads\/2015\/07\/Portrait_Chris.jpg\"><img loading=\"lazy\" decoding=\"async\" class=\"alignright size-medium wp-image-315\" src=\"http:\/\/www.atelierwerkstatt-albert-volz.de\/wp\/wp-content\/uploads\/2015\/07\/Portrait_Chris-212x300.jpg\" alt=\"\" width=\"212\" height=\"300\" srcset=\"http:\/\/www.atelierwerkstatt-albert-volz.de\/wp\/wp-content\/uploads\/2015\/07\/Portrait_Chris-212x300.jpg 212w, http:\/\/www.atelierwerkstatt-albert-volz.de\/wp\/wp-content\/uploads\/2015\/07\/Portrait_Chris-768x1088.jpg 768w, http:\/\/www.atelierwerkstatt-albert-volz.de\/wp\/wp-content\/uploads\/2015\/07\/Portrait_Chris-723x1024.jpg 723w, http:\/\/www.atelierwerkstatt-albert-volz.de\/wp\/wp-content\/uploads\/2015\/07\/Portrait_Chris.jpg 834w\" sizes=\"auto, (max-width: 212px) 100vw, 212px\" \/><\/a><\/strong><br \/>\ngeboren 1968 in N\u00fcrnberg<\/p>\n<p class=\"western\">1993 Abschlu\u00df der Fotografenlehre in einem Studio f\u00fcr Werbefotografie<\/p>\n<p class=\"western\">1993 -2003 T\u00e4tigkeit in verschiedenen Fotostudios, weltweite Fotoreportagen im Auftrag von Unternehmen aus Handel und Industrie, Anstellung in der Fotoindustrie, selbstst\u00e4ndige T\u00e4tigkeit f\u00fcr Museen, Stiftungen und Institute im Bereich Kunst und Kultur.<\/p>\n<p class=\"western\">Seit 2003 Fotograf am Deutschen Literaturarchiv Marbach, zahlreiche Ver\u00f6ffentlichungen in f\u00fchrenden Tages- und Wochenzeitungen, Ausstellungskatalogen, B\u00fcchern und Kalendern.<\/p>\n<p class=\"western\">Lebt und arbeitet in Warmbronn, Marbach am Neckar und Avila (Zentralspanien).<\/p>\n<p class=\"western\">Themenschwerpunkte:<br \/>\nReportage, Landschaft, Tierfotografie, Architektur, Schriftstellerportraits, Stillife im Bereich B\u00fccher und Handschriften, Museums- und Ausstellungsfotografie.<\/p>\n<style id=\"bwg-style-0\">    #bwg_container1_0 #bwg_container2_0 .bwg-container-0.bwg-standard-thumbnails {      width: 904px;              justify-content: center;        margin:0 auto !important;              background-color: rgba(255, 255, 255, 0.00);            padding-left: 4px;      padding-top: 4px;      max-width: 100%;            }        #bwg_container1_0 #bwg_container2_0 .bwg-container-0.bwg-standard-thumbnails .bwg-item {    justify-content: flex-start;      max-width: 180px;            width: 180px !important;          }    #bwg_container1_0 #bwg_container2_0 .bwg-container-0.bwg-standard-thumbnails .bwg-item a {       margin-right: 4px;       margin-bottom: 4px;    }    #bwg_container1_0 #bwg_container2_0 .bwg-container-0.bwg-standard-thumbnails .bwg-item0 {      padding: 0px;            background-color:rgba(0,0,0, 0.30);      border: 0px none #CCCCCC;      opacity: 1.00;      border-radius: 0;      box-shadow: ;    }    #bwg_container1_0 #bwg_container2_0 .bwg-container-0.bwg-standard-thumbnails .bwg-item1 img {      max-height: none;      max-width: none;      padding: 0 !important;    }         @media only screen and (min-width: 480px) {\t\t#bwg_container1_0 #bwg_container2_0 .bwg-container-0.bwg-standard-thumbnails .bwg-item1 img {\t\t\t-webkit-transition: all .3s; transition: all .3s;\t\t}\t\t#bwg_container1_0 #bwg_container2_0 .bwg-container-0.bwg-standard-thumbnails .bwg-item1 img:hover {\t\t\t-ms-transform: scale(1.08);\t\t\t-webkit-transform: scale(1.08);\t\t\ttransform: scale(1.08);\t\t}\t\t      }\t    #bwg_container1_0 #bwg_container2_0 .bwg-container-0.bwg-standard-thumbnails .bwg-item1 {      padding-top: 100%;    }        #bwg_container1_0 #bwg_container2_0 .bwg-container-0.bwg-standard-thumbnails .bwg-title2,    #bwg_container1_0 #bwg_container2_0 .bwg-container-0.bwg-standard-thumbnails .bwg-ecommerce2 {      color: #323A45;      font-family: Ubuntu;      font-size: 16px;      font-weight: bold;      padding: 2px;      text-shadow: ;      max-height: 100%;    }    #bwg_container1_0 #bwg_container2_0 .bwg-container-0.bwg-standard-thumbnails .bwg-thumb-description span {    color: #323A45;    font-family: Ubuntu;    font-size: 12px;    max-height: 100%;    word-wrap: break-word;    }    #bwg_container1_0 #bwg_container2_0 .bwg-container-0.bwg-standard-thumbnails .bwg-play-icon2 {      font-size: 32px;    }    #bwg_container1_0 #bwg_container2_0 .bwg-container-0.bwg-standard-thumbnails .bwg-ecommerce2 {      font-size: 19.2px;      color: #323A45;    }    <\/style>    <div id=\"bwg_container1_0\"         class=\"bwg_container bwg_thumbnail bwg_thumbnails \"         data-right-click-protection=\"0\"         data-bwg=\"0\"         data-scroll=\"0\"         data-gallery-type=\"thumbnails\"         data-gallery-view-type=\"thumbnails\"         data-current-url=\"\/wp\/index.php?rest_route=%2Fwp%2Fv2%2Fpages%2F317\"         data-lightbox-url=\"http:\/\/www.atelierwerkstatt-albert-volz.de\/wp\/wp-admin\/admin-ajax.php?action=GalleryBox&#038;current_view=0&#038;gallery_id=22&#038;tag=0&#038;theme_id=1&#038;shortcode_id=23&#038;sort_by=order&#038;order_by=asc&#038;current_url=%2Fwp%2Findex.php%3Frest_route%3D%252Fwp%252Fv2%252Fpages%252F317\"         data-gallery-id=\"22\"         data-popup-width=\"800\"         data-popup-height=\"500\"         data-is-album=\"gallery\"         data-buttons-position=\"bottom\">      <div id=\"bwg_container2_0\">             <div id=\"ajax_loading_0\" class=\"bwg_loading_div_1\">      <div class=\"bwg_loading_div_2\">        <div class=\"bwg_loading_div_3\">          <div id=\"loading_div_0\" class=\"bwg_spider_ajax_loading\">          <\/div>        <\/div>      <\/div>    <\/div>            <form id=\"gal_front_form_0\"              class=\"bwg-hidden\"              method=\"post\"              action=\"#\"              data-current=\"0\"              data-shortcode-id=\"23\"              data-gallery-type=\"thumbnails\"              data-gallery-id=\"22\"              data-tag=\"0\"              data-album-id=\"0\"              data-theme-id=\"1\"              data-ajax-url=\"http:\/\/www.atelierwerkstatt-albert-volz.de\/wp\/wp-admin\/admin-ajax.php?action=bwg_frontend_data\">          <div id=\"bwg_container3_0\" class=\"bwg-background bwg-background-0\">                <div data-max-count=\"5\"         data-thumbnail-width=\"180\"         data-bwg=\"0\"         data-gallery-id=\"22\"         data-lightbox-url=\"http:\/\/www.atelierwerkstatt-albert-volz.de\/wp\/wp-admin\/admin-ajax.php?action=GalleryBox&amp;current_view=0&amp;gallery_id=22&amp;tag=0&amp;theme_id=1&amp;shortcode_id=23&amp;sort_by=order&amp;order_by=asc&amp;current_url=%2Fwp%2Findex.php%3Frest_route%3D%252Fwp%252Fv2%252Fpages%252F317\"         id=\"bwg_thumbnails_0\"         class=\"bwg-container-0 bwg-thumbnails bwg-standard-thumbnails bwg-container bwg-border-box\">            <div class=\"bwg-item\">        <a class=\"bwg-a  bwg_lightbox\"  data-image-id=\"465\" href=\"http:\/\/www.atelierwerkstatt-albert-volz.de\/wp\/wp-content\/uploads\/photo-gallery\/korner\/Pflanze_029.jpg\" data-elementor-open-lightbox=\"no\">                <div class=\"bwg-item0 \">          <div class=\"bwg-item1 \">            <div class=\"bwg-item2\">              <img decoding=\"async\" class=\"skip-lazy bwg_standart_thumb_img_0 \"                   data-id=\"465\"                   data-width=\"\"                   data-height=\"\"                   data-src=\"http:\/\/www.atelierwerkstatt-albert-volz.de\/wp\/wp-content\/uploads\/photo-gallery\/korner\/thumb\/Pflanze_029.jpg\"                   src=\"http:\/\/www.atelierwerkstatt-albert-volz.de\/wp\/wp-content\/uploads\/photo-gallery\/korner\/thumb\/Pflanze_029.jpg\"                   alt=\"Pflanze 029\"                   title=\"Pflanze 029\" \/>            <\/div>            <div class=\"\">                                                      <\/div>          <\/div>        <\/div>                        <\/a>              <\/div>            <div class=\"bwg-item\">        <a class=\"bwg-a  bwg_lightbox\"  data-image-id=\"464\" href=\"http:\/\/www.atelierwerkstatt-albert-volz.de\/wp\/wp-content\/uploads\/photo-gallery\/korner\/Atlantique_05.jpg\" data-elementor-open-lightbox=\"no\">                <div class=\"bwg-item0 \">          <div class=\"bwg-item1 \">            <div class=\"bwg-item2\">              <img decoding=\"async\" class=\"skip-lazy bwg_standart_thumb_img_0 \"                   data-id=\"464\"                   data-width=\"\"                   data-height=\"\"                   data-src=\"http:\/\/www.atelierwerkstatt-albert-volz.de\/wp\/wp-content\/uploads\/photo-gallery\/korner\/thumb\/Atlantique_05.jpg\"                   src=\"http:\/\/www.atelierwerkstatt-albert-volz.de\/wp\/wp-content\/uploads\/photo-gallery\/korner\/thumb\/Atlantique_05.jpg\"                   alt=\"Atlantique 05\"                   title=\"Atlantique 05\" \/>            <\/div>            <div class=\"\">                                                      <\/div>          <\/div>        <\/div>                        <\/a>              <\/div>            <div class=\"bwg-item\">        <a class=\"bwg-a  bwg_lightbox\"  data-image-id=\"463\" href=\"http:\/\/www.atelierwerkstatt-albert-volz.de\/wp\/wp-content\/uploads\/photo-gallery\/korner\/Atlantique_04.jpg\" data-elementor-open-lightbox=\"no\">                <div class=\"bwg-item0 \">          <div class=\"bwg-item1 \">            <div class=\"bwg-item2\">              <img decoding=\"async\" class=\"skip-lazy bwg_standart_thumb_img_0 \"                   data-id=\"463\"                   data-width=\"\"                   data-height=\"\"                   data-src=\"http:\/\/www.atelierwerkstatt-albert-volz.de\/wp\/wp-content\/uploads\/photo-gallery\/korner\/thumb\/Atlantique_04.jpg\"                   src=\"http:\/\/www.atelierwerkstatt-albert-volz.de\/wp\/wp-content\/uploads\/photo-gallery\/korner\/thumb\/Atlantique_04.jpg\"                   alt=\"Atlantique 04\"                   title=\"Atlantique 04\" \/>            <\/div>            <div class=\"\">                                                      <\/div>          <\/div>        <\/div>                        <\/a>              <\/div>            <div class=\"bwg-item\">        <a class=\"bwg-a  bwg_lightbox\"  data-image-id=\"462\" href=\"http:\/\/www.atelierwerkstatt-albert-volz.de\/wp\/wp-content\/uploads\/photo-gallery\/korner\/Atlantique_02.jpg\" data-elementor-open-lightbox=\"no\">                <div class=\"bwg-item0 \">          <div class=\"bwg-item1 \">            <div class=\"bwg-item2\">              <img decoding=\"async\" class=\"skip-lazy bwg_standart_thumb_img_0 \"                   data-id=\"462\"                   data-width=\"\"                   data-height=\"\"                   data-src=\"http:\/\/www.atelierwerkstatt-albert-volz.de\/wp\/wp-content\/uploads\/photo-gallery\/korner\/thumb\/Atlantique_02.jpg\"                   src=\"http:\/\/www.atelierwerkstatt-albert-volz.de\/wp\/wp-content\/uploads\/photo-gallery\/korner\/thumb\/Atlantique_02.jpg\"                   alt=\"Atlantique 02\"                   title=\"Atlantique 02\" \/>            <\/div>            <div class=\"\">                                                      <\/div>          <\/div>        <\/div>                        <\/a>              <\/div>            <div class=\"bwg-item\">        <a class=\"bwg-a  bwg_lightbox\"  data-image-id=\"461\" href=\"http:\/\/www.atelierwerkstatt-albert-volz.de\/wp\/wp-content\/uploads\/photo-gallery\/korner\/Pflanze_030.jpg\" data-elementor-open-lightbox=\"no\">                <div class=\"bwg-item0 \">          <div class=\"bwg-item1 \">            <div class=\"bwg-item2\">              <img decoding=\"async\" class=\"skip-lazy bwg_standart_thumb_img_0 \"                   data-id=\"461\"                   data-width=\"\"                   data-height=\"\"                   data-src=\"http:\/\/www.atelierwerkstatt-albert-volz.de\/wp\/wp-content\/uploads\/photo-gallery\/korner\/thumb\/Pflanze_030.jpg\"                   src=\"http:\/\/www.atelierwerkstatt-albert-volz.de\/wp\/wp-content\/uploads\/photo-gallery\/korner\/thumb\/Pflanze_030.jpg\"                   alt=\"Pflanze 030\"                   title=\"Pflanze 030\" \/>            <\/div>            <div class=\"\">                                                      <\/div>          <\/div>        <\/div>                        <\/a>              <\/div>            <div class=\"bwg-item\">        <a class=\"bwg-a  bwg_lightbox\"  data-image-id=\"460\" href=\"http:\/\/www.atelierwerkstatt-albert-volz.de\/wp\/wp-content\/uploads\/photo-gallery\/korner\/Schild_002.jpg\" data-elementor-open-lightbox=\"no\">                <div class=\"bwg-item0 \">          <div class=\"bwg-item1 \">            <div class=\"bwg-item2\">              <img decoding=\"async\" class=\"skip-lazy bwg_standart_thumb_img_0 \"                   data-id=\"460\"                   data-width=\"\"                   data-height=\"\"                   data-src=\"http:\/\/www.atelierwerkstatt-albert-volz.de\/wp\/wp-content\/uploads\/photo-gallery\/korner\/thumb\/Schild_002.jpg\"                   src=\"http:\/\/www.atelierwerkstatt-albert-volz.de\/wp\/wp-content\/uploads\/photo-gallery\/korner\/thumb\/Schild_002.jpg\"                   alt=\"Schild 002\"                   title=\"Schild 002\" \/>            <\/div>            <div class=\"\">                                                      <\/div>          <\/div>        <\/div>                        <\/a>              <\/div>            <div class=\"bwg-item\">        <a class=\"bwg-a  bwg_lightbox\"  data-image-id=\"459\" href=\"http:\/\/www.atelierwerkstatt-albert-volz.de\/wp\/wp-content\/uploads\/photo-gallery\/korner\/Pflanze_023_SW.jpg\" data-elementor-open-lightbox=\"no\">                <div class=\"bwg-item0 \">          <div class=\"bwg-item1 \">            <div class=\"bwg-item2\">              <img decoding=\"async\" class=\"skip-lazy bwg_standart_thumb_img_0 \"                   data-id=\"459\"                   data-width=\"\"                   data-height=\"\"                   data-src=\"http:\/\/www.atelierwerkstatt-albert-volz.de\/wp\/wp-content\/uploads\/photo-gallery\/korner\/thumb\/Pflanze_023_SW.jpg\"                   src=\"http:\/\/www.atelierwerkstatt-albert-volz.de\/wp\/wp-content\/uploads\/photo-gallery\/korner\/thumb\/Pflanze_023_SW.jpg\"                   alt=\"Pflanze 023 SW\"                   title=\"Pflanze 023 SW\" \/>            <\/div>            <div class=\"\">                                                      <\/div>          <\/div>        <\/div>                        <\/a>              <\/div>            <div class=\"bwg-item\">        <a class=\"bwg-a  bwg_lightbox\"  data-image-id=\"458\" href=\"http:\/\/www.atelierwerkstatt-albert-volz.de\/wp\/wp-content\/uploads\/photo-gallery\/korner\/Schild_001.jpg\" data-elementor-open-lightbox=\"no\">                <div class=\"bwg-item0 \">          <div class=\"bwg-item1 \">            <div class=\"bwg-item2\">              <img decoding=\"async\" class=\"skip-lazy bwg_standart_thumb_img_0 \"                   data-id=\"458\"                   data-width=\"\"                   data-height=\"\"                   data-src=\"http:\/\/www.atelierwerkstatt-albert-volz.de\/wp\/wp-content\/uploads\/photo-gallery\/korner\/thumb\/Schild_001.jpg\"                   src=\"http:\/\/www.atelierwerkstatt-albert-volz.de\/wp\/wp-content\/uploads\/photo-gallery\/korner\/thumb\/Schild_001.jpg\"                   alt=\"Schild 001\"                   title=\"Schild 001\" \/>            <\/div>            <div class=\"\">                                                      <\/div>          <\/div>        <\/div>                        <\/a>              <\/div>            <div class=\"bwg-item\">        <a class=\"bwg-a  bwg_lightbox\"  data-image-id=\"457\" href=\"http:\/\/www.atelierwerkstatt-albert-volz.de\/wp\/wp-content\/uploads\/photo-gallery\/korner\/Schaf.jpg\" data-elementor-open-lightbox=\"no\">                <div class=\"bwg-item0 \">          <div class=\"bwg-item1 \">            <div class=\"bwg-item2\">              <img decoding=\"async\" class=\"skip-lazy bwg_standart_thumb_img_0 \"                   data-id=\"457\"                   data-width=\"\"                   data-height=\"\"                   data-src=\"http:\/\/www.atelierwerkstatt-albert-volz.de\/wp\/wp-content\/uploads\/photo-gallery\/korner\/thumb\/Schaf.jpg\"                   src=\"http:\/\/www.atelierwerkstatt-albert-volz.de\/wp\/wp-content\/uploads\/photo-gallery\/korner\/thumb\/Schaf.jpg\"                   alt=\"Schaf\"                   title=\"Schaf\" \/>            <\/div>            <div class=\"\">                                                      <\/div>          <\/div>        <\/div>                        <\/a>              <\/div>            <div class=\"bwg-item\">        <a class=\"bwg-a  bwg_lightbox\"  data-image-id=\"456\" href=\"http:\/\/www.atelierwerkstatt-albert-volz.de\/wp\/wp-content\/uploads\/photo-gallery\/korner\/Fundsachen.jpg\" data-elementor-open-lightbox=\"no\">                <div class=\"bwg-item0 \">          <div class=\"bwg-item1 \">            <div class=\"bwg-item2\">              <img decoding=\"async\" class=\"skip-lazy bwg_standart_thumb_img_0 \"                   data-id=\"456\"                   data-width=\"\"                   data-height=\"\"                   data-src=\"http:\/\/www.atelierwerkstatt-albert-volz.de\/wp\/wp-content\/uploads\/photo-gallery\/korner\/thumb\/Fundsachen.jpg\"                   src=\"http:\/\/www.atelierwerkstatt-albert-volz.de\/wp\/wp-content\/uploads\/photo-gallery\/korner\/thumb\/Fundsachen.jpg\"                   alt=\"Fundsachen\"                   title=\"Fundsachen\" \/>            <\/div>            <div class=\"\">                                                      <\/div>          <\/div>        <\/div>                        <\/a>              <\/div>          <\/div>    <style>      \/*pagination styles*\/      #bwg_container1_0 #bwg_container2_0 .tablenav-pages_0 {\t\t\t\ttext-align: center;\t\t\t\tfont-size: 12px;\t\t\t\tfont-family: Ubuntu;\t\t\t\tfont-weight: bold;\t\t\t\tcolor: #666666;\t\t\t\tmargin: 6px 0 4px;\t\t\t\tdisplay: block;      }      @media only screen and (max-width : 320px) {      #bwg_container1_0 #bwg_container2_0 .displaying-num_0 {     \t display: none;      }      }      #bwg_container1_0 #bwg_container2_0 .displaying-num_0 {\t\t\t\tfont-size: 12px;\t\t\t\tfont-family: Ubuntu;\t\t\t\tfont-weight: bold;\t\t\t\tcolor: #666666;\t\t\t\tmargin-right: 10px;\t\t\t\tvertical-align: middle;      }      #bwg_container1_0 #bwg_container2_0 .paging-input_0 {\t\t\t\tfont-size: 12px;\t\t\t\tfont-family: Ubuntu;\t\t\t\tfont-weight: bold;\t\t\t\tcolor: #666666;\t\t\t\tvertical-align: middle;      }      #bwg_container1_0 #bwg_container2_0 .tablenav-pages_0 a.disabled,      #bwg_container1_0 #bwg_container2_0 .tablenav-pages_0 a.disabled:hover,      #bwg_container1_0 #bwg_container2_0 .tablenav-pages_0 a.disabled:focus,\t\t\t#bwg_container1_0 #bwg_container2_0 .tablenav-pages_0 input.bwg_current_page {\t\t\t\tcursor: default;\t\t\t\tcolor: rgba(102, 102, 102, 0.5);      }      #bwg_container1_0 #bwg_container2_0 .tablenav-pages_0 a,      #bwg_container1_0 #bwg_container2_0 .tablenav-pages_0 input.bwg_current_page {\t\t\t\tcursor: pointer;\t\t\t\ttext-align: center;\t\t\t\tfont-size: 12px;\t\t\t\tfont-family: Ubuntu;\t\t\t\tfont-weight: bold;\t\t\t\tcolor: #666666;\t\t\t\ttext-decoration: none;\t\t\t\tpadding: 3px 6px;\t\t\t\tmargin: 0;\t\t\t\tborder-radius: 0;\t\t\t\tborder-style: solid;\t\t\t\tborder-width: 1px;\t\t\t\tborder-color: #E3E3E3;\t\t\t\t\t\t\t\tbackground-color: rgba(255, 255, 255, 1.00);\t\t\t\tbox-shadow: 0;\t\t\t\ttransition: all 0.3s ease 0s;-webkit-transition: all 0.3s ease 0s;      }      <\/style>      <span class=\"bwg_nav_cont_0\">              <div class=\"tablenav-pages_0\">                  <\/div>                <input type=\"hidden\" id=\"page_number_0\" name=\"page_number_0\" value=\"1\" \/>      <script type=\"text\/javascript\">        if( jQuery('.bwg_nav_cont_0').length > 1 ) {          jQuery('.bwg_nav_cont_0').first().remove()        }        function spider_page_0(cur, x, y, load_more) {          if (typeof load_more == \"undefined\") {            var load_more = false;          }          if (jQuery(cur).hasClass('disabled')) {            return false;          }          var items_county_0 = 1;          switch (y) {            case 1:              if (x >= items_county_0) {                document.getElementById('page_number_0').value = items_county_0;              }              else {                document.getElementById('page_number_0').value = x + 1;              }              break;            case 2:              document.getElementById('page_number_0').value = items_county_0;              break;            case -1:              if (x == 1) {                document.getElementById('page_number_0').value = 1;              }              else {                document.getElementById('page_number_0').value = x - 1;              }              break;            case -2:              document.getElementById('page_number_0').value = 1;              break;\t\t\t\t\t\tcase 0:              document.getElementById('page_number_0').value = x;              break;            default:              document.getElementById('page_number_0').value = 1;          }          bwg_ajax('gal_front_form_0', '0', 'bwg_thumbnails_0', '0', '', 'gallery', 0, '', '', load_more, '', 1);        }                    jQuery('.first-page-0').on('click', function () {              spider_page_0(this, 1, -2, 'numeric');              return false;            });            jQuery('.prev-page-0').on('click', function () {              spider_page_0(this, 1, -1, 'numeric');              return false;            });            jQuery('.next-page-0').on('click', function () {              spider_page_0(this, 1, 1, 'numeric');              return false;            });            jQuery('.last-page-0').on('click', function () {              spider_page_0(this, 1, 2, 'numeric');              return false;            });        \t\t\t\t\/* Change page on input enter. *\/        function bwg_change_page_0( e, that ) {          if (  e.key == 'Enter' ) {            var to_page = parseInt(jQuery(that).val());            var pages_count = jQuery(that).parents(\".pagination-links\").data(\"pages-count\");            var current_url_param = jQuery(that).attr('data-url-info');            if (to_page > pages_count) {              to_page = 1;            }\t \t\t\t\t\t\t\t\t\t\t\t\tspider_page_0(this, to_page, 0, 'numeric');\t\t\t\t\t\t\treturn false;\t\t\t\t\t\t          }          return true;        }        jQuery('.bwg_load_btn_0').on('click', function () {            spider_page_0(this, 1, 1, true);            return false;        });      <\/script>      <\/span>                <\/div>        <\/form>        <style>          #bwg_container1_0 #bwg_container2_0 #spider_popup_overlay_0 {          background-color: #EEEEEE;          opacity: 0.60;          }          <\/style>        <div id=\"bwg_spider_popup_loading_0\" class=\"bwg_spider_popup_loading\"><\/div>        <div id=\"spider_popup_overlay_0\" class=\"spider_popup_overlay\" onclick=\"spider_destroypopup(1000)\"><\/div>        <input type=\"hidden\" id=\"bwg_random_seed_0\" value=\"363337576\">                <\/div>    <\/div>    <script>      if (document.readyState === 'complete') {        if( typeof bwg_main_ready == 'function' ) {          if ( jQuery(\"#bwg_container1_0\").height() ) {            bwg_main_ready(jQuery(\"#bwg_container1_0\"));          }        }      } else {        document.addEventListener('DOMContentLoaded', function() {          if( typeof bwg_main_ready == 'function' ) {            if ( jQuery(\"#bwg_container1_0\").height() ) {             bwg_main_ready(jQuery(\"#bwg_container1_0\"));            }          }        });      }    <\/script>    \n<p>&nbsp;<\/p>\n","protected":false},"excerpt":{"rendered":"<p>Sonderausstellung von Chris Korner: &#8222;Fundsachen&#8220;. Ausstellungser\u00f6ffnung: Freitag, den 30. Juni 2017 \u00d6ffnungszeiten: vom 2. Juli bis 6. August 2017 jeden Sonntag von 13.30 Uhr bis 18.00 Uhr Chris Korner geboren 1968 in N\u00fcrnberg 1993 Abschlu\u00df der Fotografenlehre in einem Studio f\u00fcr Werbefotografie 1993 -2003 T\u00e4tigkeit in verschiedenen Fotostudios, weltweite Fotoreportagen im Auftrag von Unternehmen aus [&hellip;]<\/p>\n","protected":false},"author":1,"featured_media":0,"parent":0,"menu_order":0,"comment_status":"closed","ping_status":"closed","template":"","meta":{"ngg_post_thumbnail":0,"footnotes":""},"class_list":["post-317","page","type-page","status-publish","hentry"],"_links":{"self":[{"href":"http:\/\/www.atelierwerkstatt-albert-volz.de\/wp\/index.php?rest_route=\/wp\/v2\/pages\/317","targetHints":{"allow":["GET"]}}],"collection":[{"href":"http:\/\/www.atelierwerkstatt-albert-volz.de\/wp\/index.php?rest_route=\/wp\/v2\/pages"}],"about":[{"href":"http:\/\/www.atelierwerkstatt-albert-volz.de\/wp\/index.php?rest_route=\/wp\/v2\/types\/page"}],"author":[{"embeddable":true,"href":"http:\/\/www.atelierwerkstatt-albert-volz.de\/wp\/index.php?rest_route=\/wp\/v2\/users\/1"}],"replies":[{"embeddable":true,"href":"http:\/\/www.atelierwerkstatt-albert-volz.de\/wp\/index.php?rest_route=%2Fwp%2Fv2%2Fcomments&post=317"}],"version-history":[{"count":2,"href":"http:\/\/www.atelierwerkstatt-albert-volz.de\/wp\/index.php?rest_route=\/wp\/v2\/pages\/317\/revisions"}],"predecessor-version":[{"id":326,"href":"http:\/\/www.atelierwerkstatt-albert-volz.de\/wp\/index.php?rest_route=\/wp\/v2\/pages\/317\/revisions\/326"}],"wp:attachment":[{"href":"http:\/\/www.atelierwerkstatt-albert-volz.de\/wp\/index.php?rest_route=%2Fwp%2Fv2%2Fmedia&parent=317"}],"curies":[{"name":"wp","href":"https:\/\/api.w.org\/{rel}","templated":true}]}}