{"id":13,"date":"2015-07-29T23:17:23","date_gmt":"2015-07-29T21:17:23","guid":{"rendered":"http:\/\/krust.ohnge.com\/volz\/?page_id=13"},"modified":"2016-10-31T12:56:31","modified_gmt":"2016-10-31T11:56:31","slug":"kurzbiografie","status":"publish","type":"page","link":"http:\/\/www.atelierwerkstatt-albert-volz.de\/wp\/?page_id=13","title":{"rendered":"Kurzbiografie"},"content":{"rendered":"<p>1920 geboren in Altbulach als 7. von 9 Kindern<img loading=\"lazy\" decoding=\"async\" class=\"alignright wp-image-293 size-medium\" src=\"http:\/\/www.atelierwerkstatt-albert-volz.de\/wp\/wp-content\/uploads\/2015\/07\/bio-1-gross-1-e1477914952917-300x218.jpg\" width=\"300\" height=\"218\" srcset=\"http:\/\/www.atelierwerkstatt-albert-volz.de\/wp\/wp-content\/uploads\/2015\/07\/bio-1-gross-1-e1477914952917-300x218.jpg 300w, http:\/\/www.atelierwerkstatt-albert-volz.de\/wp\/wp-content\/uploads\/2015\/07\/bio-1-gross-1-e1477914952917.jpg 640w\" sizes=\"auto, (max-width: 300px) 100vw, 300px\" \/><\/p>\n<p>1927-1934 Volksschule Altbulach<\/p>\n<p>1934-1937 Hilfsarbeiter<\/p>\n<p>1937 freiwilliger Arbeitsdienst<\/p>\n<p>1938-1942 Wehrmacht; mehrmals verwundet.<br \/>\nW\u00e4hrend der Lazarettaufenthalte Ausbildung zum<br \/>\nBildhauer an der Meisterschule f\u00fcr Kunst und<br \/>\nHandwerk in Trier<\/p>\n<p>1943 Gesellenpr\u00fcfung zum Bildhauer<\/p>\n<p>1944 Sch\u00fcler bei Professor Fritz von Graevenitz<img loading=\"lazy\" decoding=\"async\" class=\"wp-image-295 size-medium alignright\" src=\"http:\/\/www.atelierwerkstatt-albert-volz.de\/wp\/wp-content\/uploads\/2015\/07\/bio-2-gross-1-202x300.jpg\" width=\"202\" height=\"300\" srcset=\"http:\/\/www.atelierwerkstatt-albert-volz.de\/wp\/wp-content\/uploads\/2015\/07\/bio-2-gross-1-202x300.jpg 202w, http:\/\/www.atelierwerkstatt-albert-volz.de\/wp\/wp-content\/uploads\/2015\/07\/bio-2-gross-1.jpg 431w\" sizes=\"auto, (max-width: 202px) 100vw, 202px\" \/><\/p>\n<p>1946 Selbstst\u00e4ndiger Bildhauer<br \/>\nGastsch\u00fcler Akademie der Bildenden K\u00fcnste Stuttgart<\/p>\n<p>1951 Herausgabe des Buches von Professor<br \/>\nvon Graevenitz: &#8222;Ein Bauernk\u00fcnstler im Schwarzwald&#8220;<\/p>\n<p>1953-1983 Freischaffender K\u00fcnstler<\/p>\n<p>1985 &#8222;Das schwarze Buch&#8220;<\/p>\n<p>1992 &#8222;Altbulacher Geschichten&#8220;<\/p>\n<p>1994 gestorben in Altbulach<\/p>\n","protected":false},"excerpt":{"rendered":"<p>1920 geboren in Altbulach als 7. von 9 Kindern 1927-1934 Volksschule Altbulach 1934-1937 Hilfsarbeiter 1937 freiwilliger Arbeitsdienst 1938-1942 Wehrmacht; mehrmals verwundet. W\u00e4hrend der Lazarettaufenthalte Ausbildung zum Bildhauer an der Meisterschule f\u00fcr Kunst und Handwerk in Trier 1943 Gesellenpr\u00fcfung zum Bildhauer 1944 Sch\u00fcler bei Professor Fritz von Graevenitz 1946 Selbstst\u00e4ndiger Bildhauer Gastsch\u00fcler Akademie der Bildenden K\u00fcnste [&hellip;]<\/p>\n","protected":false},"author":1,"featured_media":0,"parent":0,"menu_order":0,"comment_status":"closed","ping_status":"closed","template":"","meta":{"ngg_post_thumbnail":0,"footnotes":""},"class_list":["post-13","page","type-page","status-publish","hentry"],"_links":{"self":[{"href":"http:\/\/www.atelierwerkstatt-albert-volz.de\/wp\/index.php?rest_route=\/wp\/v2\/pages\/13","targetHints":{"allow":["GET"]}}],"collection":[{"href":"http:\/\/www.atelierwerkstatt-albert-volz.de\/wp\/index.php?rest_route=\/wp\/v2\/pages"}],"about":[{"href":"http:\/\/www.atelierwerkstatt-albert-volz.de\/wp\/index.php?rest_route=\/wp\/v2\/types\/page"}],"author":[{"embeddable":true,"href":"http:\/\/www.atelierwerkstatt-albert-volz.de\/wp\/index.php?rest_route=\/wp\/v2\/users\/1"}],"replies":[{"embeddable":true,"href":"http:\/\/www.atelierwerkstatt-albert-volz.de\/wp\/index.php?rest_route=%2Fwp%2Fv2%2Fcomments&post=13"}],"version-history":[{"count":3,"href":"http:\/\/www.atelierwerkstatt-albert-volz.de\/wp\/index.php?rest_route=\/wp\/v2\/pages\/13\/revisions"}],"predecessor-version":[{"id":296,"href":"http:\/\/www.atelierwerkstatt-albert-volz.de\/wp\/index.php?rest_route=\/wp\/v2\/pages\/13\/revisions\/296"}],"wp:attachment":[{"href":"http:\/\/www.atelierwerkstatt-albert-volz.de\/wp\/index.php?rest_route=%2Fwp%2Fv2%2Fmedia&parent=13"}],"curies":[{"name":"wp","href":"https:\/\/api.w.org\/{rel}","templated":true}]}}